{"id":5512,"date":"2025-03-16T22:02:08","date_gmt":"2025-03-17T03:02:08","guid":{"rendered":"https:\/\/linconlspa.com\/?page_id=5512"},"modified":"2025-03-20T20:41:01","modified_gmt":"2025-03-21T01:41:01","slug":"eyebrow-tattooing-sculpting-services","status":"publish","type":"page","link":"https:\/\/linconlspa.com\/?page_id=5512","title":{"rendered":"Eyebrow Tattooing &#8211; Sculpting Services"},"content":{"rendered":"\t\t<div data-elementor-type=\"wp-page\" data-elementor-id=\"5512\" class=\"elementor elementor-5512\" data-elementor-post-type=\"page\">\n\t\t\t\t\t\t<section class=\"elementor-section elementor-top-section elementor-element elementor-element-679f958 elementor-section-boxed elementor-section-height-default elementor-section-height-default\" data-id=\"679f958\" data-element_type=\"section\">\n\t\t\t\t\t\t<div class=\"elementor-container elementor-column-gap-default\">\n\t\t\t\t\t<div class=\"elementor-column elementor-col-100 elementor-top-column elementor-element elementor-element-f29facd\" data-id=\"f29facd\" data-element_type=\"column\">\n\t\t\t<div class=\"elementor-widget-wrap elementor-element-populated\">\n\t\t\t\t\t\t<div class=\"elementor-element elementor-element-05643d2 elementor-widget elementor-widget-heading\" data-id=\"05643d2\" data-element_type=\"widget\" data-widget_type=\"heading.default\">\n\t\t\t\t<div class=\"elementor-widget-container\">\n\t\t\t\t\t<h2 class=\"elementor-heading-title elementor-size-default\">EYEBROW TATTOOING - SCULPTING SERVICE<\/h2>\t\t\t\t<\/div>\n\t\t\t\t<\/div>\n\t\t\t\t<div class=\"elementor-element elementor-element-7e56991 elementor-widget-divider--view-line elementor-widget elementor-widget-divider\" data-id=\"7e56991\" data-element_type=\"widget\" data-widget_type=\"divider.default\">\n\t\t\t\t<div class=\"elementor-widget-container\">\n\t\t\t\t\t\t\t<div class=\"elementor-divider\">\n\t\t\t<span class=\"elementor-divider-separator\">\n\t\t\t\t\t\t<\/span>\n\t\t<\/div>\n\t\t\t\t\t\t<\/div>\n\t\t\t\t<\/div>\n\t\t\t\t<div class=\"elementor-element elementor-element-7319da1 elementor-widget elementor-widget-text-editor\" data-id=\"7319da1\" data-element_type=\"widget\" data-widget_type=\"text-editor.default\">\n\t\t\t\t<div class=\"elementor-widget-container\">\n\t\t\t\t\t\t\t\t\t<p>&#8220;The eyes are the windows to the soul.&#8221;<\/p><p>While eyelash extensions can add depth and allure, semi-permanent eyeliner is one of the quickest and most effortless ways to enhance the beauty of your eyes. This technique, also known as eyeliner tattooing, involves delicately depositing pigment along the lash line\u2014whether on top or between the lashes\u2014for a naturally defined or bold, eye-catching look.<\/p><p>At Lincoln Spa, we specialize in semi-permanent makeup, ensuring each application is tailored to complement your unique features. Our skilled artists will work with you to choose the perfect eyeliner style that best suits your desired result, enhancing your eyes with precision and elegance.<\/p>\t\t\t\t\t\t\t\t<\/div>\n\t\t\t\t<\/div>\n\t\t\t\t\t<\/div>\n\t\t<\/div>\n\t\t\t\t\t<\/div>\n\t\t<\/section>\n\t\t\t\t<section class=\"elementor-section elementor-top-section elementor-element elementor-element-7a199e8 elementor-section-boxed elementor-section-height-default elementor-section-height-default\" data-id=\"7a199e8\" data-element_type=\"section\">\n\t\t\t\t\t\t<div class=\"elementor-container elementor-column-gap-default\">\n\t\t\t\t\t<div class=\"elementor-column elementor-col-100 elementor-top-column elementor-element elementor-element-6605eb8\" data-id=\"6605eb8\" data-element_type=\"column\">\n\t\t\t<div class=\"elementor-widget-wrap elementor-element-populated\">\n\t\t\t\t\t\t<div class=\"elementor-element elementor-element-4c5336f elementor-widget elementor-widget-heading\" data-id=\"4c5336f\" data-element_type=\"widget\" data-widget_type=\"heading.default\">\n\t\t\t\t<div class=\"elementor-widget-container\">\n\t\t\t\t\t<h3 class=\"elementor-heading-title elementor-size-default\">D\u1ecbch V\u1ee5 Phun X\u0103m - \u0110i\u00eau kh\u1eafc s\u1ee3i Ch\u00e2n m\u00e0y<\/h3>\t\t\t\t<\/div>\n\t\t\t\t<\/div>\n\t\t\t\t<div class=\"elementor-element elementor-element-e76f99f elementor-widget elementor-widget-price-list\" data-id=\"e76f99f\" data-element_type=\"widget\" data-widget_type=\"price-list.default\">\n\t\t\t\t<div class=\"elementor-widget-container\">\n\t\t\t\t\t\n\t\t<ul class=\"elementor-price-list\">\n\n\t\t\t\t\t\t\t\t\t<li><a class=\"elementor-price-list-item\" href=\"#\">\t\t\t\t\n\t\t\t\t<div class=\"elementor-price-list-text\">\n\t\t\t\t\t\t\t\t\t<div class=\"elementor-price-list-header\">\n\t\t\t\t\t\t\t\t\t\t\t<span class=\"elementor-price-list-title\">\n\t\t\t\t\t\t\t1. Powder eyebrow spraying - Ombre - Shading\t\t\t\t\t\t<\/span>\n\t\t\t\t\t\t\t\t\t\t\t\t\t\t\t\t\t\t<span class=\"elementor-price-list-separator\"><\/span>\n\t\t\t\t\t\t\t\t\t\t\t\t\t\t\t\t\t\t\t<span class=\"elementor-price-list-price\">$400<\/span>\n\t\t\t\t\t\t\t\t\t\t<\/div>\n\t\t\t\t\t\t\t\t\t\t\t\t\t\t\t<p class=\"elementor-price-list-description\">\n\t\t\t\t\t\t\t1. Phun m\u00e0y t\u00e1n b\u1ed9t - Ombre - Shading\t\t\t\t\t\t<\/p>\n\t\t\t\t\t\t\t\t<\/div>\n\t\t\t\t<\/a><\/li>\t\t\t\t\t\t\t\t\t\t\t\t<li><a class=\"elementor-price-list-item\" href=\"#\">\t\t\t\t\n\t\t\t\t<div class=\"elementor-price-list-text\">\n\t\t\t\t\t\t\t\t\t<div class=\"elementor-price-list-header\">\n\t\t\t\t\t\t\t\t\t\t\t<span class=\"elementor-price-list-title\">\n\t\t\t\t\t\t\t2. Fine particle spraying\t\t\t\t\t\t<\/span>\n\t\t\t\t\t\t\t\t\t\t\t\t\t\t\t\t\t\t<span class=\"elementor-price-list-separator\"><\/span>\n\t\t\t\t\t\t\t\t\t\t\t\t\t\t\t\t\t\t\t<span class=\"elementor-price-list-price\">$450<\/span>\n\t\t\t\t\t\t\t\t\t\t<\/div>\n\t\t\t\t\t\t\t\t\t\t\t\t\t\t\t<p class=\"elementor-price-list-description\">\n\t\t\t\t\t\t\t2. Phun h\u1ea1t m\u1ecbn\t\t\t\t\t\t<\/p>\n\t\t\t\t\t\t\t\t<\/div>\n\t\t\t\t<\/a><\/li>\t\t\t\t\t\t\t\t\t\t\t\t<li><a class=\"elementor-price-list-item\" href=\"#\">\t\t\t\t\n\t\t\t\t<div class=\"elementor-price-list-text\">\n\t\t\t\t\t\t\t\t\t<div class=\"elementor-price-list-header\">\n\t\t\t\t\t\t\t\t\t\t\t<span class=\"elementor-price-list-title\">\n\t\t\t\t\t\t\t3. Eyebrow head fiber carving + particle spraying\t\t\t\t\t\t<\/span>\n\t\t\t\t\t\t\t\t\t\t\t\t\t\t\t\t\t\t<span class=\"elementor-price-list-separator\"><\/span>\n\t\t\t\t\t\t\t\t\t\t\t\t\t\t\t\t\t\t\t<span class=\"elementor-price-list-price\">$500<\/span>\n\t\t\t\t\t\t\t\t\t\t<\/div>\n\t\t\t\t\t\t\t\t\t\t\t\t\t\t\t<p class=\"elementor-price-list-description\">\n\t\t\t\t\t\t\t3. \u0110i\u00eau kh\u1eafc s\u1ee3i \u0111\u1ea7u ch\u00e2n m\u00e0y + phun h\u1ea1t\t\t\t\t\t\t<\/p>\n\t\t\t\t\t\t\t\t<\/div>\n\t\t\t\t<\/a><\/li>\t\t\t\t\t\t\t\t\t\t\t\t<li><a class=\"elementor-price-list-item\" href=\"#\">\t\t\t\t\n\t\t\t\t<div class=\"elementor-price-list-text\">\n\t\t\t\t\t\t\t\t\t<div class=\"elementor-price-list-header\">\n\t\t\t\t\t\t\t\t\t\t\t<span class=\"elementor-price-list-title\">\n\t\t\t\t\t\t\t4. Eyebrow sculpture\t\t\t\t\t\t<\/span>\n\t\t\t\t\t\t\t\t\t\t\t\t\t\t\t\t\t\t<span class=\"elementor-price-list-separator\"><\/span>\n\t\t\t\t\t\t\t\t\t\t\t\t\t\t\t\t\t\t\t<span class=\"elementor-price-list-price\">$550<\/span>\n\t\t\t\t\t\t\t\t\t\t<\/div>\n\t\t\t\t\t\t\t\t\t\t\t\t\t\t\t<p class=\"elementor-price-list-description\">\n\t\t\t\t\t\t\t4. \u0110i\u00eau kh\u1eafc ch\u00e2n m\u00e0y\t\t\t\t\t\t<\/p>\n\t\t\t\t\t\t\t\t<\/div>\n\t\t\t\t<\/a><\/li>\t\t\t\t\t\t\t\t\t\t\t\t<li><a class=\"elementor-price-list-item\" href=\"#\">\t\t\t\t\n\t\t\t\t<div class=\"elementor-price-list-text\">\n\t\t\t\t\t\t\t\t\t<div class=\"elementor-price-list-header\">\n\t\t\t\t\t\t\t\t\t\t\t<span class=\"elementor-price-list-title\">\n\t\t\t\t\t\t\t5. Collagen water\t\t\t\t\t\t<\/span>\n\t\t\t\t\t\t\t\t\t\t\t\t\t\t\t\t\t\t<span class=\"elementor-price-list-separator\"><\/span>\n\t\t\t\t\t\t\t\t\t\t\t\t\t\t\t\t\t\t\t<span class=\"elementor-price-list-price\">$50<\/span>\n\t\t\t\t\t\t\t\t\t\t<\/div>\n\t\t\t\t\t\t\t\t\t\t\t\t\t\t\t<p class=\"elementor-price-list-description\">\n\t\t\t\t\t\t\t5. N\u01b0\u1edbc Collagen\t\t\t\t\t\t<\/p>\n\t\t\t\t\t\t\t\t<\/div>\n\t\t\t\t<\/a><\/li>\t\t\t\t\t\n\t\t<\/ul>\n\n\t\t\t\t\t\t<\/div>\n\t\t\t\t<\/div>\n\t\t\t\t\t<\/div>\n\t\t<\/div>\n\t\t\t\t\t<\/div>\n\t\t<\/section>\n\t\t\t\t<section class=\"elementor-section elementor-top-section elementor-element elementor-element-7767b64 elementor-section-boxed elementor-section-height-default elementor-section-height-default\" data-id=\"7767b64\" data-element_type=\"section\">\n\t\t\t\t\t\t<div class=\"elementor-container elementor-column-gap-default\">\n\t\t\t\t\t<div class=\"elementor-column elementor-col-100 elementor-top-column elementor-element elementor-element-a2b9310\" data-id=\"a2b9310\" data-element_type=\"column\">\n\t\t\t<div class=\"elementor-widget-wrap elementor-element-populated\">\n\t\t\t\t\t\t<div class=\"elementor-element elementor-element-46c4852 elementor-align-center elementor-widget elementor-widget-button\" data-id=\"46c4852\" data-element_type=\"widget\" data-widget_type=\"button.default\">\n\t\t\t\t<div class=\"elementor-widget-container\">\n\t\t\t\t\t\t\t\t\t<div class=\"elementor-button-wrapper\">\n\t\t\t\t\t<a class=\"elementor-button elementor-button-link elementor-size-sm elementor-animation-shrink\" href=\"https:\/\/linconlspa.com\/?page_id=5455\">\n\t\t\t\t\t\t<span class=\"elementor-button-content-wrapper\">\n\t\t\t\t\t\t\t\t\t<span class=\"elementor-button-text\">BOOK NOW<\/span>\n\t\t\t\t\t<\/span>\n\t\t\t\t\t<\/a>\n\t\t\t\t<\/div>\n\t\t\t\t\t\t\t\t<\/div>\n\t\t\t\t<\/div>\n\t\t\t\t\t<\/div>\n\t\t<\/div>\n\t\t\t\t\t<\/div>\n\t\t<\/section>\n\t\t\t\t<section class=\"elementor-section elementor-top-section elementor-element elementor-element-6e773fd elementor-section-boxed elementor-section-height-default elementor-section-height-default\" data-id=\"6e773fd\" data-element_type=\"section\">\n\t\t\t\t\t\t<div class=\"elementor-container elementor-column-gap-default\">\n\t\t\t\t\t<div class=\"elementor-column elementor-col-50 elementor-top-column elementor-element elementor-element-af0e194\" data-id=\"af0e194\" data-element_type=\"column\">\n\t\t\t<div class=\"elementor-widget-wrap elementor-element-populated\">\n\t\t\t\t\t\t<div class=\"elementor-element elementor-element-bd0680f elementor-widget elementor-widget-image\" data-id=\"bd0680f\" data-element_type=\"widget\" data-widget_type=\"image.default\">\n\t\t\t\t<div class=\"elementor-widget-container\">\n\t\t\t\t\t\t\t\t\t\t\t\t\t\t\t<img fetchpriority=\"high\" decoding=\"async\" width=\"800\" height=\"800\" src=\"https:\/\/linconlspa.com\/wp-content\/uploads\/2025\/02\/2-1024x1024.jpg\" class=\"elementor-animation-shrink attachment-large size-large wp-image-5131\" alt=\"\" srcset=\"https:\/\/linconlspa.com\/wp-content\/uploads\/2025\/02\/2-1024x1024.jpg 1024w, https:\/\/linconlspa.com\/wp-content\/uploads\/2025\/02\/2-300x300.jpg 300w, https:\/\/linconlspa.com\/wp-content\/uploads\/2025\/02\/2-150x150.jpg 150w, https:\/\/linconlspa.com\/wp-content\/uploads\/2025\/02\/2-768x768.jpg 768w, https:\/\/linconlspa.com\/wp-content\/uploads\/2025\/02\/2-1536x1536.jpg 1536w, https:\/\/linconlspa.com\/wp-content\/uploads\/2025\/02\/2-200x200.jpg 200w, https:\/\/linconlspa.com\/wp-content\/uploads\/2025\/02\/2.jpg 2048w\" sizes=\"(max-width: 800px) 100vw, 800px\" \/>\t\t\t\t\t\t\t\t\t\t\t\t\t\t\t<\/div>\n\t\t\t\t<\/div>\n\t\t\t\t\t<\/div>\n\t\t<\/div>\n\t\t\t\t<div class=\"elementor-column elementor-col-50 elementor-top-column elementor-element elementor-element-1972c41\" data-id=\"1972c41\" data-element_type=\"column\">\n\t\t\t<div class=\"elementor-widget-wrap elementor-element-populated\">\n\t\t\t\t\t\t<div class=\"elementor-element elementor-element-fdc3e8b elementor-widget elementor-widget-image\" data-id=\"fdc3e8b\" data-element_type=\"widget\" data-widget_type=\"image.default\">\n\t\t\t\t<div class=\"elementor-widget-container\">\n\t\t\t\t\t\t\t\t\t\t\t\t\t\t\t<img decoding=\"async\" width=\"720\" height=\"720\" src=\"https:\/\/linconlspa.com\/wp-content\/uploads\/2025\/02\/1.jpg\" class=\"elementor-animation-shrink attachment-large size-large wp-image-5130\" alt=\"\" srcset=\"https:\/\/linconlspa.com\/wp-content\/uploads\/2025\/02\/1.jpg 720w, https:\/\/linconlspa.com\/wp-content\/uploads\/2025\/02\/1-300x300.jpg 300w, https:\/\/linconlspa.com\/wp-content\/uploads\/2025\/02\/1-150x150.jpg 150w, https:\/\/linconlspa.com\/wp-content\/uploads\/2025\/02\/1-200x200.jpg 200w\" sizes=\"(max-width: 720px) 100vw, 720px\" \/>\t\t\t\t\t\t\t\t\t\t\t\t\t\t\t<\/div>\n\t\t\t\t<\/div>\n\t\t\t\t\t<\/div>\n\t\t<\/div>\n\t\t\t\t\t<\/div>\n\t\t<\/section>\n\t\t\t\t<section class=\"elementor-section elementor-top-section elementor-element elementor-element-e301285 elementor-section-boxed elementor-section-height-default elementor-section-height-default\" data-id=\"e301285\" data-element_type=\"section\">\n\t\t\t\t\t\t<div class=\"elementor-container elementor-column-gap-default\">\n\t\t\t\t\t<div class=\"elementor-column elementor-col-100 elementor-top-column elementor-element elementor-element-ab46daf\" data-id=\"ab46daf\" data-element_type=\"column\">\n\t\t\t<div class=\"elementor-widget-wrap elementor-element-populated\">\n\t\t\t\t\t\t<div class=\"elementor-element elementor-element-bb0599e elementor-widget elementor-widget-heading\" data-id=\"bb0599e\" data-element_type=\"widget\" data-widget_type=\"heading.default\">\n\t\t\t\t<div class=\"elementor-widget-container\">\n\t\t\t\t\t<h2 class=\"elementor-heading-title elementor-size-default\">\u200bConsider Eyeliner Tattoo If:<\/h2>\t\t\t\t<\/div>\n\t\t\t\t<\/div>\n\t\t\t\t<div class=\"elementor-element elementor-element-d02a938 elementor-widget-divider--view-line elementor-widget elementor-widget-divider\" data-id=\"d02a938\" data-element_type=\"widget\" data-widget_type=\"divider.default\">\n\t\t\t\t<div class=\"elementor-widget-container\">\n\t\t\t\t\t\t\t<div class=\"elementor-divider\">\n\t\t\t<span class=\"elementor-divider-separator\">\n\t\t\t\t\t\t<\/span>\n\t\t<\/div>\n\t\t\t\t\t\t<\/div>\n\t\t\t\t<\/div>\n\t\t\t\t<div class=\"elementor-element elementor-element-e768cb1 elementor-widget elementor-widget-text-editor\" data-id=\"e768cb1\" data-element_type=\"widget\" data-widget_type=\"text-editor.default\">\n\t\t\t\t<div class=\"elementor-widget-container\">\n\t\t\t\t\t\t\t\t\t<p>You have difficulty applying eye liner because of unsteady hands or poor sight.<br \/>You are allergic to eye makeup or eyelash extensions.<br \/>Your eyelashes are thin and super fine.<br \/>Eyeliners always smudge due to extensive work out, lifestyle, etc.<br \/>You want to brighten your eyes, adding depth to the eyes.<br \/>You want a subtle enhancement to the eyes.<\/p>\t\t\t\t\t\t\t\t<\/div>\n\t\t\t\t<\/div>\n\t\t\t\t<div class=\"elementor-element elementor-element-fd6d51f elementor-widget elementor-widget-heading\" data-id=\"fd6d51f\" data-element_type=\"widget\" data-widget_type=\"heading.default\">\n\t\t\t\t<div class=\"elementor-widget-container\">\n\t\t\t\t\t<h2 class=\"elementor-heading-title elementor-size-default\">Types of Eyeliner Tattoo<\/h2>\t\t\t\t<\/div>\n\t\t\t\t<\/div>\n\t\t\t\t<div class=\"elementor-element elementor-element-843c98d elementor-widget-divider--view-line elementor-widget elementor-widget-divider\" data-id=\"843c98d\" data-element_type=\"widget\" data-widget_type=\"divider.default\">\n\t\t\t\t<div class=\"elementor-widget-container\">\n\t\t\t\t\t\t\t<div class=\"elementor-divider\">\n\t\t\t<span class=\"elementor-divider-separator\">\n\t\t\t\t\t\t<\/span>\n\t\t<\/div>\n\t\t\t\t\t\t<\/div>\n\t\t\t\t<\/div>\n\t\t\t\t<div class=\"elementor-element elementor-element-84c2079 elementor-widget elementor-widget-text-editor\" data-id=\"84c2079\" data-element_type=\"widget\" data-widget_type=\"text-editor.default\">\n\t\t\t\t<div class=\"elementor-widget-container\">\n\t\t\t\t\t\t\t\t\t<p>Lash Liner (aka. Lash Line Enhancement) is a great technique to bring subtle enhancement to create depth for the eyes. It adds charm to your lash line making them appear fuller, without looking like you have eyeliner. It is a liner that is applied in-between your eyelashes and underneath the top lash line (right on the waterline of top lashes). It is a similar concept to \u201ctight-lining\u201d in makeup artistry.<br \/>Suitable for clients with light color eyes as this will add a pop.<\/p>\t\t\t\t\t\t\t\t<\/div>\n\t\t\t\t<\/div>\n\t\t\t\t<div class=\"elementor-element elementor-element-a4e384f elementor-widget elementor-widget-heading\" data-id=\"a4e384f\" data-element_type=\"widget\" data-widget_type=\"heading.default\">\n\t\t\t\t<div class=\"elementor-widget-container\">\n\t\t\t\t\t<h2 class=\"elementor-heading-title elementor-size-default\">Touch-Up Policy for Permanent Makeup Services<\/h2>\t\t\t\t<\/div>\n\t\t\t\t<\/div>\n\t\t\t\t<div class=\"elementor-element elementor-element-a5477b1 elementor-widget-divider--view-line elementor-widget elementor-widget-divider\" data-id=\"a5477b1\" data-element_type=\"widget\" data-widget_type=\"divider.default\">\n\t\t\t\t<div class=\"elementor-widget-container\">\n\t\t\t\t\t\t\t<div class=\"elementor-divider\">\n\t\t\t<span class=\"elementor-divider-separator\">\n\t\t\t\t\t\t<\/span>\n\t\t<\/div>\n\t\t\t\t\t\t<\/div>\n\t\t\t\t<\/div>\n\t\t\t\t<div class=\"elementor-element elementor-element-4d535b9 elementor-widget elementor-widget-text-editor\" data-id=\"4d535b9\" data-element_type=\"widget\" data-widget_type=\"text-editor.default\">\n\t\t\t\t<div class=\"elementor-widget-container\">\n\t\t\t\t\t\t\t\t\t<p><strong>\u2714 Complimentary Touch-Up:<\/strong> Clients can return for a free touch-up session within 4 weeks after the initial procedure to ensure the best results.<\/p><p><strong>\u2714 Discounted Touch-Up After 3 Months:<\/strong> If clients wish to have an additional touch-up after 3 months, a 20% service fee or more will apply, depending on the required enhancement.<\/p><p>We are committed to delivering long-lasting, flawless results for your beauty needs! \u2728<\/p>\t\t\t\t\t\t\t\t<\/div>\n\t\t\t\t<\/div>\n\t\t\t\t\t<\/div>\n\t\t<\/div>\n\t\t\t\t\t<\/div>\n\t\t<\/section>\n\t\t\t\t<\/div>\n\t\t","protected":false},"excerpt":{"rendered":"<p>EYEBROW TATTOOING &#8211; SCULPTING SERVICE &#8220;The eyes are the windows to the soul.&#8221; While eyelash extensions can add depth and allure, semi-permanent eyeliner is one of the quickest and most effortless ways to enhance the beauty of your eyes. This technique, also known as eyeliner tattooing, involves delicately depositing pigment along the lash line\u2014whether on [&hellip;]<\/p>\n","protected":false},"author":1,"featured_media":0,"parent":0,"menu_order":0,"comment_status":"closed","ping_status":"closed","template":"elementor_header_footer","meta":{"footnotes":""},"class_list":["post-5512","page","type-page","status-publish","hentry"],"_hostinger_reach_plugin_has_subscription_block":false,"_hostinger_reach_plugin_is_elementor":false,"_links":{"self":[{"href":"https:\/\/linconlspa.com\/index.php?rest_route=\/wp\/v2\/pages\/5512","targetHints":{"allow":["GET"]}}],"collection":[{"href":"https:\/\/linconlspa.com\/index.php?rest_route=\/wp\/v2\/pages"}],"about":[{"href":"https:\/\/linconlspa.com\/index.php?rest_route=\/wp\/v2\/types\/page"}],"author":[{"embeddable":true,"href":"https:\/\/linconlspa.com\/index.php?rest_route=\/wp\/v2\/users\/1"}],"replies":[{"embeddable":true,"href":"https:\/\/linconlspa.com\/index.php?rest_route=%2Fwp%2Fv2%2Fcomments&post=5512"}],"version-history":[{"count":19,"href":"https:\/\/linconlspa.com\/index.php?rest_route=\/wp\/v2\/pages\/5512\/revisions"}],"predecessor-version":[{"id":5618,"href":"https:\/\/linconlspa.com\/index.php?rest_route=\/wp\/v2\/pages\/5512\/revisions\/5618"}],"wp:attachment":[{"href":"https:\/\/linconlspa.com\/index.php?rest_route=%2Fwp%2Fv2%2Fmedia&parent=5512"}],"curies":[{"name":"wp","href":"https:\/\/api.w.org\/{rel}","templated":true}]}}